{"id":7,"date":"2023-07-21T07:47:24","date_gmt":"2023-07-21T07:47:24","guid":{"rendered":"https:\/\/www.kliro.cz\/?page_id=7"},"modified":"2024-08-02T08:30:13","modified_gmt":"2024-08-02T08:30:13","slug":"www-kliro-cz","status":"publish","type":"page","link":"https:\/\/www.kliro.cz\/","title":{"rendered":"Dom\u016f"},"content":{"rendered":"","protected":false},"excerpt":{"rendered":"<p>\u00daklid kancel\u00e1\u0159\u00ed, komer\u010dn\u00edch a v\u00fdrobn\u00edch prostor | Kliro<\/p>\n","protected":false},"author":1,"featured_media":229,"parent":0,"menu_order":0,"comment_status":"closed","ping_status":"closed","template":"","meta":{"footnotes":""},"class_list":["post-7","page","type-page","status-publish","has-post-thumbnail","hentry"],"_links":{"self":[{"href":"https:\/\/www.kliro.cz\/index.php?rest_route=\/wp\/v2\/pages\/7","targetHints":{"allow":["GET"]}}],"collection":[{"href":"https:\/\/www.kliro.cz\/index.php?rest_route=\/wp\/v2\/pages"}],"about":[{"href":"https:\/\/www.kliro.cz\/index.php?rest_route=\/wp\/v2\/types\/page"}],"author":[{"embeddable":true,"href":"https:\/\/www.kliro.cz\/index.php?rest_route=\/wp\/v2\/users\/1"}],"replies":[{"embeddable":true,"href":"https:\/\/www.kliro.cz\/index.php?rest_route=%2Fwp%2Fv2%2Fcomments&post=7"}],"version-history":[{"count":100,"href":"https:\/\/www.kliro.cz\/index.php?rest_route=\/wp\/v2\/pages\/7\/revisions"}],"predecessor-version":[{"id":519,"href":"https:\/\/www.kliro.cz\/index.php?rest_route=\/wp\/v2\/pages\/7\/revisions\/519"}],"wp:featuredmedia":[{"embeddable":true,"href":"https:\/\/www.kliro.cz\/index.php?rest_route=\/wp\/v2\/media\/229"}],"wp:attachment":[{"href":"https:\/\/www.kliro.cz\/index.php?rest_route=%2Fwp%2Fv2%2Fmedia&parent=7"}],"curies":[{"name":"wp","href":"https:\/\/api.w.org\/{rel}","templated":true}]}}